{"id":39,"date":"2026-01-03T14:38:47","date_gmt":"2026-01-03T14:38:47","guid":{"rendered":"https:\/\/sako24.de\/?page_id=39"},"modified":"2026-03-13T17:43:40","modified_gmt":"2026-03-13T17:43:40","slug":"impressum","status":"publish","type":"page","link":"https:\/\/sako24.de\/?page_id=39","title":{"rendered":"Impressum"},"content":{"rendered":"\n<h1 class=\"wp-block-heading\"><strong>Impressum<\/strong><\/h1>\n\n\n\n<p style=\"margin-top:0;margin-bottom:0\">Angaben gem\u00e4\u00df \u00a7 5 TMG<\/p>\n\n\n\n<p><\/p>\n\n\n\n<p style=\"margin-top:0;margin-bottom:0\"><strong>SAKO Allroundservice<\/strong><\/p>\n\n\n\n<p style=\"margin-top:0;margin-bottom:0\">Konstantin Jakob Lohe &amp; Samir Maxime Ibrahim Chatah GbR<br>Mintarder Weg 119<\/p>\n\n\n\n<p style=\"margin-top:0;margin-bottom:0\">40885 Ratingen<\/p>\n\n\n\n<p style=\"margin-top:0;margin-bottom:0\">Deutschland<\/p>\n\n\n\n<p><br>Gewerbeanmeldung bei der Stadt Ratingen<\/p>\n\n\n\n<p style=\"margin-top:0;margin-bottom:0\"><strong>Vertreten durch die Gesellschafter:<\/strong><\/p>\n\n\n\n<p style=\"margin-top:0;margin-bottom:0\">Konstantin Lohe<\/p>\n\n\n\n<p style=\"margin-top:0;margin-bottom:0\">Samir Chatah<\/p>\n\n\n\n<p><\/p>\n\n\n\n<p style=\"margin-top:0;margin-bottom:0\"><strong>Kontakt<\/strong><\/p>\n\n\n\n<p style=\"margin-top:0;margin-bottom:0\">Telefon: <a href=\"tel:\/\/015567194007\">0155 67194007<\/a><\/p>\n\n\n\n<p style=\"margin-top:0;margin-bottom:0\">E-Mail: kontakt@sako24.de<\/p>\n\n\n\n<p style=\"margin-top:0;margin-bottom:0\">Website: https:\/\/sako24.de<\/p>\n\n\n\n<p style=\"margin-top:0;margin-bottom:0\">\u2e3b<\/p>\n\n\n\n<p style=\"margin-top:0;margin-bottom:0\"><strong>Verantwortlich f\u00fcr den Inhalt nach \u00a7 18 Abs. 2 MStV<\/strong>:<\/p>\n\n\n\n<p style=\"margin-top:0;margin-bottom:0\">Samir Chatah<\/p>\n\n\n\n<p style=\"margin-top:0;margin-bottom:0\">SAKO Allroundservice<\/p>\n\n\n\n<p style=\"margin-top:0;margin-bottom:0\">Mintarder Weg 119<\/p>\n\n\n\n<p style=\"margin-top:0;margin-bottom:0\">40885 Ratingen<\/p>\n\n\n\n<p style=\"margin-top:0;margin-bottom:0\">Deutschland<\/p>\n\n\n\n<p style=\"margin-top:0;margin-bottom:0\">\u2e3b<\/p>\n\n\n\n<p style=\"margin-top:0;margin-bottom:0\"><strong>Haftung f\u00fcr Inhalte<\/strong><\/p>\n\n\n\n<p style=\"margin-top:0;margin-bottom:0\">Die Inhalte unserer Seiten wurden mit gr\u00f6\u00dfter Sorgfalt erstellt. F\u00fcr die Richtigkeit, Vollst\u00e4ndigkeit und Aktualit\u00e4t der Inhalte k\u00f6nnen wir jedoch keine Gew\u00e4hr \u00fcbernehmen. Als Diensteanbieter sind wir gem\u00e4\u00df den allgemeinen Gesetzen f\u00fcr eigene Inhalte auf diesen Seiten verantwortlich. Wir sind jedoch nicht verpflichtet, \u00fcbermittelte oder gespeicherte fremde Informationen zu \u00fcberwachen oder nach Umst\u00e4nden zu forschen, die auf eine rechtswidrige T\u00e4tigkeit hinweisen.<\/p>\n\n\n\n<p style=\"margin-top:0;margin-bottom:0\">Verpflichtungen zur Entfernung oder Sperrung der Nutzung von Informationen nach den allgemeinen Gesetzen bleiben hiervon unber\u00fchrt.<\/p>\n\n\n\n<p style=\"margin-top:0;margin-bottom:0\">\u2e3b<\/p>\n\n\n\n<p style=\"margin-top:0;margin-bottom:0\"><strong>Urheberrecht<\/strong><\/p>\n\n\n\n<p style=\"margin-top:0;margin-bottom:0\">Die durch die Seitenbetreiber erstellten Inhalte und Werke auf dieser Website unterliegen dem deutschen Urheberrecht. Beitr\u00e4ge Dritter sind als solche gekennzeichnet. Die Vervielf\u00e4ltigung, Bearbeitung, Verbreitung oder jede Art der Verwertung au\u00dferhalb der Grenzen des Urheberrechtes bed\u00fcrfen der schriftlichen Zustimmung des jeweiligen Autors bzw. Erstellers.<\/p>\n\n\n\n<p><\/p>\n\n\n\n<p style=\"margin-top:0;margin-bottom:0\">\u00a9 2026 SAKO Allroundservice <\/p>\n\n\n\n<p><\/p>\n","protected":false},"excerpt":{"rendered":"<p>Impressum Angaben gem\u00e4\u00df \u00a7 5 TMG SAKO Allroundservice Konstantin Jakob Lohe &amp; Samir Maxime Ibrahim Chatah GbRMintarder Weg 119 40885 Ratingen Deutschland Gewerbeanmeldung bei der Stadt Ratingen Vertreten durch die Gesellschafter: Konstantin Lohe Samir Chatah Kontakt Telefon: 0155 67194007 E-Mail: kontakt@sako24.de Website: https:\/\/sako24.de \u2e3b Verantwortlich f\u00fcr den Inhalt nach \u00a7 18 Abs. 2 MStV: Samir&#8230;<\/p>\n","protected":false},"author":1,"featured_media":0,"parent":0,"menu_order":0,"comment_status":"closed","ping_status":"closed","template":"","meta":{"_kad_post_transparent":"","_kad_post_title":"","_kad_post_layout":"","_kad_post_sidebar_id":"","_kad_post_content_style":"","_kad_post_vertical_padding":"","_kad_post_feature":"","_kad_post_feature_position":"","_kad_post_header":false,"_kad_post_footer":false,"_kad_post_classname":"","footnotes":""},"class_list":["post-39","page","type-page","status-publish","hentry"],"_links":{"self":[{"href":"https:\/\/sako24.de\/index.php?rest_route=\/wp\/v2\/pages\/39","targetHints":{"allow":["GET"]}}],"collection":[{"href":"https:\/\/sako24.de\/index.php?rest_route=\/wp\/v2\/pages"}],"about":[{"href":"https:\/\/sako24.de\/index.php?rest_route=\/wp\/v2\/types\/page"}],"author":[{"embeddable":true,"href":"https:\/\/sako24.de\/index.php?rest_route=\/wp\/v2\/users\/1"}],"replies":[{"embeddable":true,"href":"https:\/\/sako24.de\/index.php?rest_route=%2Fwp%2Fv2%2Fcomments&post=39"}],"version-history":[{"count":8,"href":"https:\/\/sako24.de\/index.php?rest_route=\/wp\/v2\/pages\/39\/revisions"}],"predecessor-version":[{"id":483,"href":"https:\/\/sako24.de\/index.php?rest_route=\/wp\/v2\/pages\/39\/revisions\/483"}],"wp:attachment":[{"href":"https:\/\/sako24.de\/index.php?rest_route=%2Fwp%2Fv2%2Fmedia&parent=39"}],"curies":[{"name":"wp","href":"https:\/\/api.w.org\/{rel}","templated":true}]}}