{"id":2,"date":"2026-01-03T12:12:33","date_gmt":"2026-01-03T12:12:33","guid":{"rendered":"https:\/\/sako24.de\/?page_id=2"},"modified":"2026-03-14T08:36:49","modified_gmt":"2026-03-14T08:36:49","slug":"sample-page","status":"publish","type":"page","link":"https:\/\/sako24.de\/","title":{"rendered":"Startseite"},"content":{"rendered":"\n<div class=\"wp-block-group alignfull\"><div class=\"wp-block-group__inner-container is-layout-constrained wp-block-group-is-layout-constrained\">\n<div class=\"wp-block-cover alignfull is-light wp-duotone-unset-1\" style=\"margin-top:0;min-height:40vw;aspect-ratio:unset;\"><img loading=\"lazy\" decoding=\"async\" width=\"2560\" height=\"1440\" class=\"wp-block-cover__image-background wp-image-116 size-full\" alt=\"\" src=\"https:\/\/sako24.de\/wp-content\/uploads\/2026\/01\/Loikum-view-Bild--scaled.jpg\" data-object-fit=\"cover\" srcset=\"https:\/\/sako24.de\/wp-content\/uploads\/2026\/01\/Loikum-view-Bild--scaled.jpg 2560w, https:\/\/sako24.de\/wp-content\/uploads\/2026\/01\/Loikum-view-Bild--300x169.jpg 300w, https:\/\/sako24.de\/wp-content\/uploads\/2026\/01\/Loikum-view-Bild--1024x576.jpg 1024w, https:\/\/sako24.de\/wp-content\/uploads\/2026\/01\/Loikum-view-Bild--768x432.jpg 768w, https:\/\/sako24.de\/wp-content\/uploads\/2026\/01\/Loikum-view-Bild--1536x864.jpg 1536w, https:\/\/sako24.de\/wp-content\/uploads\/2026\/01\/Loikum-view-Bild--2048x1152.jpg 2048w\" sizes=\"auto, (max-width: 2560px) 100vw, 2560px\" \/><span aria-hidden=\"true\" class=\"wp-block-cover__background has-black-background-color has-background-dim-0 has-background-dim\"><\/span><div class=\"wp-block-cover__inner-container is-layout-flow wp-block-cover-is-layout-flow\">\n<div style=\"height:82px\" aria-hidden=\"true\" class=\"wp-block-spacer\"><\/div>\n\n\n\n<div class=\"wp-block-columns is-layout-flex wp-container-core-columns-is-layout-9d6595d7 wp-block-columns-is-layout-flex\">\n<div class=\"wp-block-column is-layout-flow wp-block-column-is-layout-flow\" style=\"flex-basis:50%\">\n<h1 class=\"wp-block-heading has-text-align-left has-theme-palette-7-color has-text-color has-background has-link-color wp-elements-e3e0529a8b90e405faf4e67141f2e9ab\" style=\"border-top-left-radius:20px;border-top-right-radius:20px;border-bottom-left-radius:20px;border-bottom-right-radius:20px;background-color:#1259b0ad;padding-top:var(--wp--preset--spacing--30);padding-right:var(--wp--preset--spacing--60);padding-bottom:var(--wp--preset--spacing--30);padding-left:var(--wp--preset--spacing--60)\">Ihr Ansprechpartner f\u00fcr Alles rund um Haus &amp; Garten<\/h1>\n<\/div>\n\n\n\n<div class=\"wp-block-column is-layout-flow wp-block-column-is-layout-flow\" style=\"flex-basis:33.33%\"><\/div>\n<\/div>\n\n\n\n<div class=\"wp-block-buttons is-layout-flex wp-block-buttons-is-layout-flex\">\n<div class=\"wp-block-button\"><a class=\"wp-block-button__link wp-element-button\" href=\"https:\/\/sako24.de\/?page_id=16\">LEISTUNGEN<\/a><\/div>\n\n\n\n<div class=\"wp-block-button\"><a class=\"wp-block-button__link wp-element-button\" href=\"https:\/\/sako24.de\/?page_id=23\">ANFRAGE<\/a><\/div>\n<\/div>\n<\/div><\/div>\n<\/div><\/div>\n\n\n\n<div class=\"wp-block-columns is-layout-flex wp-container-core-columns-is-layout-9d6595d7 wp-block-columns-is-layout-flex\">\n<div class=\"wp-block-column is-layout-flow wp-block-column-is-layout-flow\">\n<figure class=\"wp-block-image size-large has-custom-border is-style-rounded\"><img loading=\"lazy\" decoding=\"async\" width=\"1024\" height=\"1024\" src=\"https:\/\/sako24.de\/wp-content\/uploads\/2026\/01\/K-Weg-1024x1024.jpeg\" alt=\"\" class=\"wp-image-89\" style=\"border-style:none;border-width:0px;border-top-left-radius:20px;border-top-right-radius:20px;border-bottom-left-radius:20px;border-bottom-right-radius:20px\" srcset=\"https:\/\/sako24.de\/wp-content\/uploads\/2026\/01\/K-Weg-1024x1024.jpeg 1024w, https:\/\/sako24.de\/wp-content\/uploads\/2026\/01\/K-Weg-300x300.jpeg 300w, https:\/\/sako24.de\/wp-content\/uploads\/2026\/01\/K-Weg-150x150.jpeg 150w, https:\/\/sako24.de\/wp-content\/uploads\/2026\/01\/K-Weg-768x768.jpeg 768w, https:\/\/sako24.de\/wp-content\/uploads\/2026\/01\/K-Weg.jpeg 1185w\" sizes=\"auto, (max-width: 1024px) 100vw, 1024px\" \/><\/figure>\n\n\n\n<h3 class=\"wp-block-heading\"><a href=\"https:\/\/sako24.de\/?page_id=16\" data-type=\"page\" data-id=\"16\">Unsere Leistungen<\/a><\/h3>\n\n\n\n<ul class=\"wp-block-list\">\n<li>Gartenpflege<\/li>\n\n\n\n<li>Reinigung<\/li>\n\n\n\n<li>Entr\u00fcmpelung<\/li>\n\n\n\n<li>Hausmeister<\/li>\n\n\n\n<li>Malerarbeiten<\/li>\n\n\n\n<li>Holz<\/li>\n<\/ul>\n\n\n\n<div class=\"wp-block-buttons is-layout-flex wp-block-buttons-is-layout-flex\">\n<div class=\"wp-block-button is-style-primary\"><a class=\"wp-block-button__link wp-element-button\" href=\"https:\/\/sako24.de\/?page_id=16\">MEHR&#8230;<\/a><\/div>\n<\/div>\n\n\n\n<div style=\"height:30px\" aria-hidden=\"true\" class=\"wp-block-spacer\"><\/div>\n<\/div>\n\n\n\n<div class=\"wp-block-column is-layout-flow wp-block-column-is-layout-flow\">\n<figure class=\"wp-block-image size-full has-custom-border is-style-rounded\"><img loading=\"lazy\" decoding=\"async\" width=\"1187\" height=\"1187\" src=\"https:\/\/sako24.de\/wp-content\/uploads\/2026\/01\/KS-Baum.jpeg\" alt=\"\" class=\"wp-image-100\" style=\"border-style:none;border-width:0px;border-top-left-radius:20px;border-top-right-radius:20px;border-bottom-left-radius:20px;border-bottom-right-radius:20px\" srcset=\"https:\/\/sako24.de\/wp-content\/uploads\/2026\/01\/KS-Baum.jpeg 1187w, https:\/\/sako24.de\/wp-content\/uploads\/2026\/01\/KS-Baum-300x300.jpeg 300w, https:\/\/sako24.de\/wp-content\/uploads\/2026\/01\/KS-Baum-1024x1024.jpeg 1024w, https:\/\/sako24.de\/wp-content\/uploads\/2026\/01\/KS-Baum-150x150.jpeg 150w, https:\/\/sako24.de\/wp-content\/uploads\/2026\/01\/KS-Baum-768x768.jpeg 768w\" sizes=\"auto, (max-width: 1187px) 100vw, 1187px\" \/><\/figure>\n\n\n\n<h3 class=\"wp-block-heading\"><a href=\"https:\/\/sako24.de\/?page_id=19\" data-type=\"page\" data-id=\"19\">\u00dcber uns<\/a><\/h3>\n\n\n\n<p>Wir sind zwei junge M\u00e4nner, die aus einem kleinen Nachbarschaftsservice einen zuverl\u00e4ssigen Haus- und Gartenservice aufgebaut haben. Durch unsere Erfahrungen rund um Haus und Garten bieten wir heute einen professionellen Allround-Service an. Zuverl\u00e4ssigkeit, Motivation und saubere Arbeit stehen bei uns an erster Stelle. <br>\u00dcberzeugen Sie sich selbst und melden Sie sich direkt bei <a href=\"https:\/\/sako24.de\/?page_id=23\" data-type=\"page\" data-id=\"23\">uns<\/a>.<\/p>\n\n\n\n<div class=\"wp-block-buttons is-layout-flex wp-block-buttons-is-layout-flex\">\n<div class=\"wp-block-button is-style-primary\"><a class=\"wp-block-button__link wp-element-button\" href=\"https:\/\/sako24.de\/?page_id=19\">MEHR&#8230;<\/a><\/div>\n<\/div>\n\n\n\n<div style=\"height:30px\" aria-hidden=\"true\" class=\"wp-block-spacer\"><\/div>\n<\/div>\n\n\n\n<div class=\"wp-block-column is-layout-flow wp-block-column-is-layout-flow\">\n<figure class=\"wp-block-image size-full has-custom-border\"><img loading=\"lazy\" decoding=\"async\" width=\"892\" height=\"892\" src=\"https:\/\/sako24.de\/wp-content\/uploads\/2026\/01\/S-Auffahrt.jpeg\" alt=\"\" class=\"wp-image-91\" style=\"border-style:none;border-width:0px;border-top-left-radius:20px;border-top-right-radius:20px;border-bottom-left-radius:20px;border-bottom-right-radius:20px\" srcset=\"https:\/\/sako24.de\/wp-content\/uploads\/2026\/01\/S-Auffahrt.jpeg 892w, https:\/\/sako24.de\/wp-content\/uploads\/2026\/01\/S-Auffahrt-300x300.jpeg 300w, https:\/\/sako24.de\/wp-content\/uploads\/2026\/01\/S-Auffahrt-150x150.jpeg 150w, https:\/\/sako24.de\/wp-content\/uploads\/2026\/01\/S-Auffahrt-768x768.jpeg 768w\" sizes=\"auto, (max-width: 892px) 100vw, 892px\" \/><\/figure>\n\n\n\n<h3 class=\"wp-block-heading\">Was uns ausmacht<\/h3>\n\n\n\n<ul class=\"wp-block-list\">\n<li>Faire und transparente Preise<\/li>\n\n\n\n<li>Schnelle Verf\u00fcgbarkeit<\/li>\n\n\n\n<li>Termine auch am Wochenende m\u00f6glich<\/li>\n\n\n\n<li>Verl\u00e4sslichkeit<\/li>\n\n\n\n<li>Freundliches Auftreten<\/li>\n\n\n\n<li>Junges, motiviertes Team<\/li>\n<\/ul>\n\n\n\n<div class=\"wp-block-buttons is-layout-flex wp-block-buttons-is-layout-flex\">\n<div class=\"wp-block-button is-style-primary\"><a class=\"wp-block-button__link wp-element-button\" href=\"https:\/\/sako24.de\/?page_id=19\">MEHR&#8230;<\/a><\/div>\n<\/div>\n\n\n\n<div style=\"height:30px\" aria-hidden=\"true\" class=\"wp-block-spacer\"><\/div>\n<\/div>\n<\/div>\n\n\n\n<p><\/p>\n","protected":false},"excerpt":{"rendered":"<p>Unsere Leistungen \u00dcber uns Wir sind zwei junge M\u00e4nner, die aus einem kleinen Nachbarschaftsservice einen zuverl\u00e4ssigen Haus- und Gartenservice aufgebaut haben. Durch unsere Erfahrungen rund um Haus und Garten bieten wir heute einen professionellen Allround-Service an. Zuverl\u00e4ssigkeit, Motivation und saubere Arbeit stehen bei uns an erster Stelle. \u00dcberzeugen Sie sich selbst und melden Sie sich&#8230;<\/p>\n","protected":false},"author":1,"featured_media":0,"parent":0,"menu_order":0,"comment_status":"closed","ping_status":"open","template":"","meta":{"_kad_post_transparent":"","_kad_post_title":"","_kad_post_layout":"","_kad_post_sidebar_id":"","_kad_post_content_style":"","_kad_post_vertical_padding":"","_kad_post_feature":"","_kad_post_feature_position":"","_kad_post_header":false,"_kad_post_footer":false,"_kad_post_classname":"","footnotes":""},"class_list":["post-2","page","type-page","status-publish","hentry"],"_links":{"self":[{"href":"https:\/\/sako24.de\/index.php?rest_route=\/wp\/v2\/pages\/2","targetHints":{"allow":["GET"]}}],"collection":[{"href":"https:\/\/sako24.de\/index.php?rest_route=\/wp\/v2\/pages"}],"about":[{"href":"https:\/\/sako24.de\/index.php?rest_route=\/wp\/v2\/types\/page"}],"author":[{"embeddable":true,"href":"https:\/\/sako24.de\/index.php?rest_route=\/wp\/v2\/users\/1"}],"replies":[{"embeddable":true,"href":"https:\/\/sako24.de\/index.php?rest_route=%2Fwp%2Fv2%2Fcomments&post=2"}],"version-history":[{"count":58,"href":"https:\/\/sako24.de\/index.php?rest_route=\/wp\/v2\/pages\/2\/revisions"}],"predecessor-version":[{"id":497,"href":"https:\/\/sako24.de\/index.php?rest_route=\/wp\/v2\/pages\/2\/revisions\/497"}],"wp:attachment":[{"href":"https:\/\/sako24.de\/index.php?rest_route=%2Fwp%2Fv2%2Fmedia&parent=2"}],"curies":[{"name":"wp","href":"https:\/\/api.w.org\/{rel}","templated":true}]}}