{"id":19,"date":"2026-01-03T14:22:03","date_gmt":"2026-01-03T14:22:03","guid":{"rendered":"https:\/\/sako24.de\/?page_id=19"},"modified":"2026-03-16T16:10:06","modified_gmt":"2026-03-16T16:10:06","slug":"ueber-uns-2","status":"publish","type":"page","link":"https:\/\/sako24.de\/?page_id=19","title":{"rendered":"\u00dcber uns"},"content":{"rendered":"\n<h2 class=\"wp-block-heading\">\u00dcber uns <\/h2>\n\n\n\n<p>Wir sind zwei, junge M\u00e4nner, die aus einem kleinen Nachbarschaftsservice einen zuverl\u00e4ssigen Haus- und Gartenservice aufgebaut haben. Als eingespieltes Team k\u00f6nnen Sie sich blind auf uns verlassen, denn jede Aufgabe wird so ausgef\u00fchrt, als w\u00e4re es das eigene Zuhause. <\/p>\n\n\n\n<p>Unsere Erfahrung kommt aus vielen Bereichen. Bereits in jungen Jahren hatten wir die M\u00f6glichkeit, rund um Haus und Garten vieles zu erlernen. Zudem verf\u00fcgen wir \u00fcber praktische Kenntnisse aus der Landwirtschaft.<\/p>\n\n\n\n<p>Im Nachbarschaftsservice haben wir bereits genau das getan, was wir heute professionell anbieten. Heute vereinen wir all diese Erfahrungen f\u00fcr Sie in einem professionellen Allround-Service.<\/p>\n\n\n\n<p>Sie k\u00f6nnen von uns Motivation, Know-how und Pr\u00e4zision in jedem Auftrag erwarten \u2013 egal ob Haus oder Garten.<\/p>\n\n\n\n<p>Lassen Sie sich selbst von unserer Arbeit \u00fcberzeugen und melden Sie sich noch heute bei <a href=\"https:\/\/sako24.de\/?page_id=23\" data-type=\"page\" data-id=\"23\">uns<\/a>.<\/p>\n\n\n\n<p><\/p>\n\n\n\n<h2 class=\"wp-block-heading\"><\/h2>\n","protected":false},"excerpt":{"rendered":"<p>\u00dcber uns Wir sind zwei, junge M\u00e4nner, die aus einem kleinen Nachbarschaftsservice einen zuverl\u00e4ssigen Haus- und Gartenservice aufgebaut haben. Als eingespieltes Team k\u00f6nnen Sie sich blind auf uns verlassen, denn jede Aufgabe wird so ausgef\u00fchrt, als w\u00e4re es das eigene Zuhause. Unsere Erfahrung kommt aus vielen Bereichen. Bereits in jungen Jahren hatten wir die M\u00f6glichkeit,&#8230;<\/p>\n","protected":false},"author":1,"featured_media":0,"parent":0,"menu_order":0,"comment_status":"closed","ping_status":"closed","template":"","meta":{"_kad_post_transparent":"","_kad_post_title":"","_kad_post_layout":"","_kad_post_sidebar_id":"","_kad_post_content_style":"","_kad_post_vertical_padding":"","_kad_post_feature":"","_kad_post_feature_position":"","_kad_post_header":false,"_kad_post_footer":false,"_kad_post_classname":"","footnotes":""},"class_list":["post-19","page","type-page","status-publish","hentry"],"_links":{"self":[{"href":"https:\/\/sako24.de\/index.php?rest_route=\/wp\/v2\/pages\/19","targetHints":{"allow":["GET"]}}],"collection":[{"href":"https:\/\/sako24.de\/index.php?rest_route=\/wp\/v2\/pages"}],"about":[{"href":"https:\/\/sako24.de\/index.php?rest_route=\/wp\/v2\/types\/page"}],"author":[{"embeddable":true,"href":"https:\/\/sako24.de\/index.php?rest_route=\/wp\/v2\/users\/1"}],"replies":[{"embeddable":true,"href":"https:\/\/sako24.de\/index.php?rest_route=%2Fwp%2Fv2%2Fcomments&post=19"}],"version-history":[{"count":5,"href":"https:\/\/sako24.de\/index.php?rest_route=\/wp\/v2\/pages\/19\/revisions"}],"predecessor-version":[{"id":500,"href":"https:\/\/sako24.de\/index.php?rest_route=\/wp\/v2\/pages\/19\/revisions\/500"}],"wp:attachment":[{"href":"https:\/\/sako24.de\/index.php?rest_route=%2Fwp%2Fv2%2Fmedia&parent=19"}],"curies":[{"name":"wp","href":"https:\/\/api.w.org\/{rel}","templated":true}]}}